{"id":25,"date":"2020-12-08T03:54:06","date_gmt":"2020-12-08T03:54:06","guid":{"rendered":"https:\/\/gaviaspreview.com\/wp\/conult\/?page_id=25"},"modified":"2020-12-08T03:54:06","modified_gmt":"2020-12-08T03:54:06","slug":"news","status":"publish","type":"page","link":"https:\/\/ayhorizon.com\/?page_id=25","title":{"rendered":"News"},"content":{"rendered":"\t\t<div data-elementor-type=\"wp-page\" data-elementor-id=\"25\" class=\"elementor elementor-25\">\n\t\t\t\t\t\t<section class=\"elementor-section elementor-top-section elementor-element elementor-element-59f29e4 elementor-section-full_width elementor-section-height-default elementor-section-height-default\" data-id=\"59f29e4\" data-element_type=\"section\" data-e-type=\"section\">\n\t\t\t\t\t\t<div class=\"elementor-container elementor-column-gap-default\">\n\t\t\t\t\t<div class=\"elementor-column elementor-col-100 elementor-top-column elementor-element elementor-element-6754167\" data-id=\"6754167\" data-element_type=\"column\" data-e-type=\"column\">\n\t\t\t<div class=\"elementor-widget-wrap elementor-element-populated\">\n\t\t\t\t\t\t<div class=\"elementor-element elementor-element-458306b elementor-widget elementor-widget-gva_post_breadcrumb\" data-id=\"458306b\" data-element_type=\"widget\" data-e-type=\"widget\" data-widget_type=\"gva_post_breadcrumb.default\">\n\t\t\t\t<div class=\"elementor-widget-container\">\n\t\t\t\t\t<div class=\"gva-element-gva_post_breadcrumb gva-element\">   \r\n<div class=\"post-breadcrumb\">\r\n   <div class=\"custom-breadcrumb \" >\r\n            <div class=\"breadcrumb-main\">\r\n        <div class=\"container\">\r\n          <div class=\"breadcrumb-container-inner\">\r\n            <h2 class=\"heading-title\">News<\/h2><ol class=\"breadcrumb\"><li><a href=\"https:\/\/ayhorizon.com\">Home<\/a> <\/li> <li class=\"active\">Page<\/li><\/ol>          <\/div>  \r\n        <\/div>   \r\n      <\/div>  \r\n   <\/div>\r\n<\/div>      \r\n\r\n<\/div>\t\t\t\t<\/div>\n\t\t\t\t<\/div>\n\t\t\t\t\t<\/div>\n\t\t<\/div>\n\t\t\t\t\t<\/div>\n\t\t<\/section>\n\t\t\t\t<section class=\"elementor-section elementor-top-section elementor-element elementor-element-1fbe8dbc elementor-section-boxed elementor-section-height-default elementor-section-height-default\" data-id=\"1fbe8dbc\" data-element_type=\"section\" data-e-type=\"section\">\n\t\t\t\t\t\t<div class=\"elementor-container elementor-column-gap-default\">\n\t\t\t\t\t<div class=\"elementor-column elementor-col-100 elementor-top-column elementor-element elementor-element-505d4390\" data-id=\"505d4390\" data-element_type=\"column\" data-e-type=\"column\">\n\t\t\t<div class=\"elementor-widget-wrap elementor-element-populated\">\n\t\t\t\t\t\t<div class=\"elementor-element elementor-element-962a554 elementor-widget elementor-widget-gva-posts\" data-id=\"962a554\" data-element_type=\"widget\" data-e-type=\"widget\" data-widget_type=\"gva-posts.default\">\n\t\t\t\t<div class=\"elementor-widget-container\">\n\t\t\t\t\t<div class=\"gva-element-gva-posts gva-element\">  \r\n  <div class=\"gva-posts-grid clearfix gva-posts\">\r\n\t\t<div class=\"gva-content-items\"> \r\n\t\t  <div class=\"lg-block-grid-3 md-block-grid-3 sm-block-grid-2 xs-block-grid-2 xx-block-grid-1\">\r\n\t\t\t <div class=\"item-columns\">\r\n   <article id=\"post-5312\" class=\"post post-style-1 post-5312 type-post status-publish format-standard hentry category-uncategorized\">\r\n      \r\n         \r\n\r\n      <div class=\"entry-content has-no-thumbnail\">\r\n         <div class=\"content-inner\">\r\n            <div class=\"entry-meta\">\r\n               <div class=\"clearfix meta-inline post-meta-1\"><span class=\"author vcard\"><i class=\"far fa-user-circle\"><\/i>ayhorizon<\/span><span class=\"post-comment\"><i class=\"far fa-comments\"><\/i>0 Comments<\/span><\/div>            <\/div> \r\n            <h3 class=\"entry-title\"><a href=\"https:\/\/ayhorizon.com\/?p=5312\" rel=\"bookmark\">Play Free Slot Machine Online: A Guide to Enjoyable and Home entertainment<\/a><\/h3>\r\n                           <div class=\"entry-desc\">\r\n                  Invite to the world of on-line one-armed bandit, where you can experience the adventure and               <\/div>   \r\n                        <div class=\"read-more\">\r\n               <a class=\"btn-inline btn-read-more\" href=\"https:\/\/ayhorizon.com\/?p=5312\">Read more<i class=\"las la-arrow-right\"><\/i><\/a>\r\n            <\/div>\r\n         <\/div>\r\n\r\n      <\/div>\r\n   <\/article>   \r\n\r\n  <\/div><div class=\"item-columns\">\r\n   <article id=\"post-5310\" class=\"post post-style-1 post-5310 type-post status-publish format-standard hentry category-uncategorized\">\r\n      \r\n         \r\n\r\n      <div class=\"entry-content has-no-thumbnail\">\r\n         <div class=\"content-inner\">\r\n            <div class=\"entry-meta\">\r\n               <div class=\"clearfix meta-inline post-meta-1\"><span class=\"author vcard\"><i class=\"far fa-user-circle\"><\/i>ayhorizon<\/span><span class=\"post-comment\"><i class=\"far fa-comments\"><\/i>0 Comments<\/span><\/div>            <\/div> \r\n            <h3 class=\"entry-title\"><a href=\"https:\/\/ayhorizon.com\/?p=5310\" rel=\"bookmark\"><\/a><\/h3>\r\n                           <div class=\"entry-desc\">\r\n                  No download is required to play free slots You can play for free online without               <\/div>   \r\n                        <div class=\"read-more\">\r\n               <a class=\"btn-inline btn-read-more\" href=\"https:\/\/ayhorizon.com\/?p=5310\">Read more<i class=\"las la-arrow-right\"><\/i><\/a>\r\n            <\/div>\r\n         <\/div>\r\n\r\n      <\/div>\r\n   <\/article>   \r\n\r\n  <\/div><div class=\"item-columns\">\r\n   <article id=\"post-5308\" class=\"post post-style-1 post-5308 type-post status-publish format-standard hentry category-uncategorized\">\r\n      \r\n         \r\n\r\n      <div class=\"entry-content has-no-thumbnail\">\r\n         <div class=\"content-inner\">\r\n            <div class=\"entry-meta\">\r\n               <div class=\"clearfix meta-inline post-meta-1\"><span class=\"author vcard\"><i class=\"far fa-user-circle\"><\/i>ayhorizon<\/span><span class=\"post-comment\"><i class=\"far fa-comments\"><\/i>0 Comments<\/span><\/div>            <\/div> \r\n            <h3 class=\"entry-title\"><a href=\"https:\/\/ayhorizon.com\/?p=5308\" rel=\"bookmark\">Experience the Thrill of Free Blackjack Games Online<\/a><\/h3>\r\n                           <div class=\"entry-desc\">\r\n                  Blackjack is a prominent gambling establishment game that has astounded gamers for centuries. With its               <\/div>   \r\n                        <div class=\"read-more\">\r\n               <a class=\"btn-inline btn-read-more\" href=\"https:\/\/ayhorizon.com\/?p=5308\">Read more<i class=\"las la-arrow-right\"><\/i><\/a>\r\n            <\/div>\r\n         <\/div>\r\n\r\n      <\/div>\r\n   <\/article>   \r\n\r\n  <\/div><div class=\"item-columns\">\r\n   <article id=\"post-5305\" class=\"post post-style-1 post-5305 type-post status-publish format-standard hentry category-uncategorized\">\r\n      \r\n         \r\n\r\n      <div class=\"entry-content has-no-thumbnail\">\r\n         <div class=\"content-inner\">\r\n            <div class=\"entry-meta\">\r\n               <div class=\"clearfix meta-inline post-meta-1\"><span class=\"author vcard\"><i class=\"far fa-user-circle\"><\/i>ayhorizon<\/span><span class=\"post-comment\"><i class=\"far fa-comments\"><\/i>0 Comments<\/span><\/div>            <\/div> \r\n            <h3 class=\"entry-title\"><a href=\"https:\/\/ayhorizon.com\/?p=5305\" rel=\"bookmark\">1xbet \u0417\u0435\u0440\u043a\u0430\u043b\u043e 1\u0445\u0431\u0435\u0442 \u043e\u0444\u0438\u0446\u0438\u0430\u043b\u044c\u043d\u043e\u043c\u0443 \u0421\u0430\u0439\u0442 \u0412\u0445\u043e\u0434 \u0438 \u0421\u0435\u0433\u043e\u0434\u043d\u044f<\/a><\/h3>\r\n                           <div class=\"entry-desc\">\r\n                  1xbet \u041a\u0430\u0437\u0438\u043d\u043e \u041e\u043d\u043b\u0430\u0439\u043d \u0418\u0433\u0440\u0430\u0442\u044c \u0412 \u0421\u043b\u043e\u0442\u044b 1\u0445\u0431\u0435\u0442, \u041b\u0443\u0447\u0448\u0438\u0435 \u0418\u0433\u0440\u043e\u0432\u044b\u0435 \u0410\u0432\u0442\u043e\u043c\u0430\u0442\u044b \u041d\u0430 \u0414\u0435\u043d\u044c\u0433\u0438 Content \u041e\u0444\u0438\u0446\u0438\u0430\u043b\u044c\u043d\u044b\u0439 \u0421\u0430\u0439\u0442               <\/div>   \r\n                        <div class=\"read-more\">\r\n               <a class=\"btn-inline btn-read-more\" href=\"https:\/\/ayhorizon.com\/?p=5305\">Read more<i class=\"las la-arrow-right\"><\/i><\/a>\r\n            <\/div>\r\n         <\/div>\r\n\r\n      <\/div>\r\n   <\/article>   \r\n\r\n  <\/div><div class=\"item-columns\">\r\n   <article id=\"post-5299\" class=\"post post-style-1 post-5299 type-post status-publish format-standard hentry category-uncategorized\">\r\n      \r\n         \r\n\r\n      <div class=\"entry-content has-no-thumbnail\">\r\n         <div class=\"content-inner\">\r\n            <div class=\"entry-meta\">\r\n               <div class=\"clearfix meta-inline post-meta-1\"><span class=\"author vcard\"><i class=\"far fa-user-circle\"><\/i>ayhorizon<\/span><span class=\"post-comment\"><i class=\"far fa-comments\"><\/i>0 Comments<\/span><\/div>            <\/div> \r\n            <h3 class=\"entry-title\"><a href=\"https:\/\/ayhorizon.com\/?p=5299\" rel=\"bookmark\">Penalty Shoot Out: \u0441\u043a\u0430\u0447\u0430\u0439 \u043d\u0430 \u0434\u0435\u043d\u044c\u0433\u0438 \u0438 \u043e\u0442\u043a\u0440\u043e\u0439 \u043d\u043e\u0432\u044b\u0435 \u0432\u043e\u0437\u043c\u043e\u0436\u043d\u043e\u0441\u0442\u0438<\/a><\/h3>\r\n                           <div class=\"entry-desc\">\r\n                  \u0412 \u043a\u0430\u0437\u0430\u0445\u0441\u0442\u0430\u043d\u0441\u043a\u0438\u0445 \u043e\u043d\u043b\u0430\u0439\u043d\u2011\u043a\u0430\u0437\u0438\u043d\u043e \u0432\u0441\u0435\u0433\u0434\u0430 \u043d\u0430\u0439\u0434\u0435\u0442\u0441\u044f \u043c\u0435\u0441\u0442\u043e \u0434\u043b\u044f \u0447\u0435\u0433\u043e\u2011\u0442\u043e \u043d\u0435\u043e\u0436\u0438\u0434\u0430\u043d\u043d\u043e\u0433\u043e, \u0447\u0442\u043e \u0437\u0430\u0441\u0442\u0430\u0432\u0438\u0442 \u0441\u0435\u0440\u0434\u0446\u0435 \u0438\u0433\u0440\u043e\u043a\u0430 \u0431\u0438\u0442\u044c\u0441\u044f \u0431\u044b\u0441\u0442\u0440\u0435\u0435.\u0422\u0430\u043a               <\/div>   \r\n                        <div class=\"read-more\">\r\n               <a class=\"btn-inline btn-read-more\" href=\"https:\/\/ayhorizon.com\/?p=5299\">Read more<i class=\"las la-arrow-right\"><\/i><\/a>\r\n            <\/div>\r\n         <\/div>\r\n\r\n      <\/div>\r\n   <\/article>   \r\n\r\n  <\/div><div class=\"item-columns\">\r\n   <article id=\"post-5302\" class=\"post post-style-1 post-5302 type-post status-publish format-standard hentry category-uncategorized\">\r\n      \r\n         \r\n\r\n      <div class=\"entry-content has-no-thumbnail\">\r\n         <div class=\"content-inner\">\r\n            <div class=\"entry-meta\">\r\n               <div class=\"clearfix meta-inline post-meta-1\"><span class=\"author vcard\"><i class=\"far fa-user-circle\"><\/i>ayhorizon<\/span><span class=\"post-comment\"><i class=\"far fa-comments\"><\/i>0 Comments<\/span><\/div>            <\/div> \r\n            <h3 class=\"entry-title\"><a href=\"https:\/\/ayhorizon.com\/?p=5302\" rel=\"bookmark\">Zak\u0142ady Sportowe Grunzochse Gra\u0107 \u017beby Wygra\u0107: Podstawowe Zasady Skutecznego Obstawiania<\/a><\/h3>\r\n                           <div class=\"entry-desc\">\r\n                  &#8220;Grunzochse Zacz\u0105\u0107 Obstawia\u0107 Mecze? Prosty Poradnik Dla Pocz\u0105tkuj\u0105cych Content &#8220;Jak Zacz\u0105\u0107 Obstawia\u0107 You Bukmachera? Jak               <\/div>   \r\n                        <div class=\"read-more\">\r\n               <a class=\"btn-inline btn-read-more\" href=\"https:\/\/ayhorizon.com\/?p=5302\">Read more<i class=\"las la-arrow-right\"><\/i><\/a>\r\n            <\/div>\r\n         <\/div>\r\n\r\n      <\/div>\r\n   <\/article>   \r\n\r\n  <\/div>\t\t  <\/div>\r\n\t\t<\/div>\r\n\t\t\t\t\t <div class=\"pagination\">\r\n\t\t\t\t  <div class=\"column one pager_wrapper\"><div class=\"pager\"><div class=\"paginations\"><a href=\"https:\/\/ayhorizon.com\/index.php?rest_route=%2Fwp%2Fv2%2Fpages%2F25\" class=\"page-item active\">1<\/a><a href=\"https:\/\/ayhorizon.com\/index.php?rest_route=%2Fwp%2Fv2%2Fpages%2F25&#038;paged=2\" class=\"page-item\">2<\/a><a href=\"https:\/\/ayhorizon.com\/index.php?rest_route=%2Fwp%2Fv2%2Fpages%2F25&#038;paged=3\" class=\"page-item\">3<\/a><span class=\"page-item\">... <\/span><a href=\"https:\/\/ayhorizon.com\/index.php?rest_route=%2Fwp%2Fv2%2Fpages%2F25&#038;paged=277\" class=\"page-item\">277<\/a><a class=\"next_page\" href=\"https:\/\/ayhorizon.com\/index.php?rest_route=%2Fwp%2Fv2%2Fpages%2F25&#038;paged=2\"><i class=\"fas fa-chevron-right\"><\/i><\/a><\/div><\/div><\/div>\n\t\t\t <\/div>\r\n\t\t  <\/div>\r\n  <\/div>\t\t\t\t<\/div>\n\t\t\t\t<\/div>\n\t\t\t\t\t<\/div>\n\t\t<\/div>\n\t\t\t\t\t<\/div>\n\t\t<\/section>\n\t\t\t\t<section class=\"elementor-section elementor-top-section elementor-element elementor-element-d47b474 elementor-section-boxed elementor-section-height-default elementor-section-height-default\" data-id=\"d47b474\" data-element_type=\"section\" data-e-type=\"section\" data-settings=\"{&quot;background_background&quot;:&quot;classic&quot;}\">\n\t\t\t\t\t\t\t<div class=\"elementor-background-overlay\"><\/div>\n\t\t\t\t\t\t\t<div class=\"elementor-container elementor-column-gap-default\">\n\t\t\t\t\t<div class=\"elementor-column elementor-col-50 elementor-top-column elementor-element elementor-element-1fbd2eb\" data-id=\"1fbd2eb\" data-element_type=\"column\" data-e-type=\"column\">\n\t\t\t<div class=\"elementor-widget-wrap elementor-element-populated\">\n\t\t\t\t\t\t<div class=\"elementor-element elementor-element-e32966c elementor-widget elementor-widget-gva-heading-block\" data-id=\"e32966c\" data-element_type=\"widget\" data-e-type=\"widget\" data-widget_type=\"gva-heading-block.default\">\n\t\t\t\t<div class=\"elementor-widget-container\">\n\t\t\t\t\t<div class=\"gva-element-gva-heading-block gva-element\">   <div class=\"align-left style-1 widget gsc-heading box-align-left auto-responsive\">\r\n      <div class=\"content-inner\">\r\n         \r\n         \r\n         \r\n           \r\n         \r\n                     <h2 class=\"title\">\r\n               <span>We\u2019re Delivering the Best\nConsulting & Finance Services<\/span>\r\n            <\/h2>\r\n                  \r\n         \r\n      <\/div>\r\n   <\/div>\r\n<\/div>\t\t\t\t<\/div>\n\t\t\t\t<\/div>\n\t\t\t\t\t<\/div>\n\t\t<\/div>\n\t\t\t\t<div class=\"elementor-column elementor-col-50 elementor-top-column elementor-element elementor-element-25adf6d\" data-id=\"25adf6d\" data-element_type=\"column\" data-e-type=\"column\">\n\t\t\t<div class=\"elementor-widget-wrap elementor-element-populated\">\n\t\t\t\t\t\t<div class=\"elementor-element elementor-element-23b711c elementor-widget__width-auto elementor-widget elementor-widget-html\" data-id=\"23b711c\" data-element_type=\"widget\" data-e-type=\"widget\" data-widget_type=\"html.default\">\n\t\t\t\t<div class=\"elementor-widget-container\">\n\t\t\t\t\t<a class=\"btn-white\" href=\"https:\/\/gaviaspreview.com\/wp\/conult\/contact\/\">\n    Free Consultation\n<\/a>\t\t\t\t<\/div>\n\t\t\t\t<\/div>\n\t\t\t\t\t<\/div>\n\t\t<\/div>\n\t\t\t\t\t<\/div>\n\t\t<\/section>\n\t\t\t\t<\/div>\n\t\t","protected":false},"excerpt":{"rendered":"<p>Live Stream From Awwwards Showcasing Trends Home 08 Dec admin3 Comments A day in the life of entrepreneur &#038; ceo There are many variations of but the majority have simply [&hellip;]<\/p>\n","protected":false},"author":1,"featured_media":0,"parent":0,"menu_order":0,"comment_status":"closed","ping_status":"closed","template":"","meta":{"footnotes":""},"class_list":["post-25","page","type-page","status-publish","hentry"],"_links":{"self":[{"href":"https:\/\/ayhorizon.com\/index.php?rest_route=\/wp\/v2\/pages\/25","targetHints":{"allow":["GET"]}}],"collection":[{"href":"https:\/\/ayhorizon.com\/index.php?rest_route=\/wp\/v2\/pages"}],"about":[{"href":"https:\/\/ayhorizon.com\/index.php?rest_route=\/wp\/v2\/types\/page"}],"author":[{"embeddable":true,"href":"https:\/\/ayhorizon.com\/index.php?rest_route=\/wp\/v2\/users\/1"}],"replies":[{"embeddable":true,"href":"https:\/\/ayhorizon.com\/index.php?rest_route=%2Fwp%2Fv2%2Fcomments&post=25"}],"version-history":[{"count":0,"href":"https:\/\/ayhorizon.com\/index.php?rest_route=\/wp\/v2\/pages\/25\/revisions"}],"wp:attachment":[{"href":"https:\/\/ayhorizon.com\/index.php?rest_route=%2Fwp%2Fv2%2Fmedia&parent=25"}],"curies":[{"name":"wp","href":"https:\/\/api.w.org\/{rel}","templated":true}]}}