{"id":26,"date":"2020-12-08T03:54:16","date_gmt":"2020-12-08T03:54:16","guid":{"rendered":"https:\/\/gaviaspreview.com\/wp\/conult\/?page_id=26"},"modified":"2020-12-08T03:54:16","modified_gmt":"2020-12-08T03:54:16","slug":"news-2","status":"publish","type":"page","link":"https:\/\/ayhorizon.com\/?page_id=26","title":{"rendered":"News II"},"content":{"rendered":"\t\t<div data-elementor-type=\"wp-page\" data-elementor-id=\"26\" class=\"elementor elementor-26\">\n\t\t\t\t\t\t<section class=\"elementor-section elementor-top-section elementor-element elementor-element-bab952e elementor-section-full_width elementor-section-height-default elementor-section-height-default\" data-id=\"bab952e\" data-element_type=\"section\" data-e-type=\"section\">\n\t\t\t\t\t\t<div class=\"elementor-container elementor-column-gap-default\">\n\t\t\t\t\t<div class=\"elementor-column elementor-col-100 elementor-top-column elementor-element elementor-element-a9d9793\" data-id=\"a9d9793\" data-element_type=\"column\" data-e-type=\"column\">\n\t\t\t<div class=\"elementor-widget-wrap elementor-element-populated\">\n\t\t\t\t\t\t<div class=\"elementor-element elementor-element-d691118 elementor-widget elementor-widget-gva_post_breadcrumb\" data-id=\"d691118\" data-element_type=\"widget\" data-e-type=\"widget\" data-widget_type=\"gva_post_breadcrumb.default\">\n\t\t\t\t<div class=\"elementor-widget-container\">\n\t\t\t\t\t<div class=\"gva-element-gva_post_breadcrumb gva-element\">   \r\n<div class=\"post-breadcrumb\">\r\n   <div class=\"custom-breadcrumb \" >\r\n            <div class=\"breadcrumb-main\">\r\n        <div class=\"container\">\r\n          <div class=\"breadcrumb-container-inner\">\r\n            <h2 class=\"heading-title\">News II<\/h2><ol class=\"breadcrumb\"><li><a href=\"https:\/\/ayhorizon.com\">Home<\/a> <\/li> <li class=\"active\">Page<\/li><\/ol>          <\/div>  \r\n        <\/div>   \r\n      <\/div>  \r\n   <\/div>\r\n<\/div>      \r\n\r\n<\/div>\t\t\t\t<\/div>\n\t\t\t\t<\/div>\n\t\t\t\t\t<\/div>\n\t\t<\/div>\n\t\t\t\t\t<\/div>\n\t\t<\/section>\n\t\t\t\t<section class=\"elementor-section elementor-top-section elementor-element elementor-element-26d009d7 elementor-section-boxed elementor-section-height-default elementor-section-height-default\" data-id=\"26d009d7\" data-element_type=\"section\" data-e-type=\"section\">\n\t\t\t\t\t\t<div class=\"elementor-container elementor-column-gap-default\">\n\t\t\t\t\t<div class=\"elementor-column elementor-col-100 elementor-top-column elementor-element elementor-element-2a3a0f88\" data-id=\"2a3a0f88\" data-element_type=\"column\" data-e-type=\"column\">\n\t\t\t<div class=\"elementor-widget-wrap elementor-element-populated\">\n\t\t\t\t\t\t<div class=\"elementor-element elementor-element-158a6e68 elementor-widget elementor-widget-gva-posts\" data-id=\"158a6e68\" data-element_type=\"widget\" data-e-type=\"widget\" data-widget_type=\"gva-posts.default\">\n\t\t\t\t<div class=\"elementor-widget-container\">\n\t\t\t\t\t<div class=\"gva-element-gva-posts gva-element\">  \r\n  <div class=\"gva-posts-grid clearfix gva-posts\">\r\n\t\t<div class=\"gva-content-items\"> \r\n\t\t  <div class=\"lg-block-grid-3 md-block-grid-3 sm-block-grid-2 xs-block-grid-2 xx-block-grid-1\">\r\n\t\t\t <div class=\"item-columns\">\r\n<article id=\"post-5312\" class=\"post post-style-2 post-5312 type-post status-publish format-standard hentry category-uncategorized\">\r\n   <div class=\"post-thumbnail\" style=\"background-image:url('');\"><\/div>   \r\n   <div class=\"entry-content\">\r\n      <div class=\"content-inner\">\r\n         <div class=\"entry-meta\">\r\n            <div class=\"left\"><img alt='' src='https:\/\/secure.gravatar.com\/avatar\/de633ff1e7c546ee261a637d4626d4ca60418d4852880ee1f278d3234e84a0b5?s=160&#038;d=mm&#038;r=g' srcset='https:\/\/secure.gravatar.com\/avatar\/de633ff1e7c546ee261a637d4626d4ca60418d4852880ee1f278d3234e84a0b5?s=320&#038;d=mm&#038;r=g 2x' class='avatar avatar-160 photo' height='160' width='160' \/><\/div><div class=\"right\"><span class=\"author vcard\"><i class=\"far fa-user-circle\"><\/i>by&nbsp;ayhorizon<\/span><span class=\"post-comment\"><i class=\"far fa-comments\"><\/i>0 comments<\/span><\/div>         <\/div> \r\n         <h2 class=\"entry-title\">\r\n            <a href=\"https:\/\/ayhorizon.com\/?p=5312\">Play Free Slot Machine Online: A Guide to Enjoyable and Home entertainment<\/a>\r\n         <\/h2>\r\n      <\/div>\r\n      <div class=\"read-more\">\r\n         <a href=\"https:\/\/ayhorizon.com\/?p=5312\">\r\n            <i class=\"icon las la-arrow-right\"><\/i>\r\n         <\/a>\r\n      <\/div>\r\n   <\/div>\r\n   <a href=\"https:\/\/ayhorizon.com\/?p=5312\" class=\"link-overlay\"><\/a>\r\n<\/article>   \r\n\r\n  <\/div><div class=\"item-columns\">\r\n<article id=\"post-5310\" class=\"post post-style-2 post-5310 type-post status-publish format-standard hentry category-uncategorized\">\r\n   <div class=\"post-thumbnail\" style=\"background-image:url('');\"><\/div>   \r\n   <div class=\"entry-content\">\r\n      <div class=\"content-inner\">\r\n         <div class=\"entry-meta\">\r\n            <div class=\"left\"><img alt='' src='https:\/\/secure.gravatar.com\/avatar\/de633ff1e7c546ee261a637d4626d4ca60418d4852880ee1f278d3234e84a0b5?s=160&#038;d=mm&#038;r=g' srcset='https:\/\/secure.gravatar.com\/avatar\/de633ff1e7c546ee261a637d4626d4ca60418d4852880ee1f278d3234e84a0b5?s=320&#038;d=mm&#038;r=g 2x' class='avatar avatar-160 photo' height='160' width='160' \/><\/div><div class=\"right\"><span class=\"author vcard\"><i class=\"far fa-user-circle\"><\/i>by&nbsp;ayhorizon<\/span><span class=\"post-comment\"><i class=\"far fa-comments\"><\/i>0 comments<\/span><\/div>         <\/div> \r\n         <h2 class=\"entry-title\">\r\n            <a href=\"https:\/\/ayhorizon.com\/?p=5310\"><\/a>\r\n         <\/h2>\r\n      <\/div>\r\n      <div class=\"read-more\">\r\n         <a href=\"https:\/\/ayhorizon.com\/?p=5310\">\r\n            <i class=\"icon las la-arrow-right\"><\/i>\r\n         <\/a>\r\n      <\/div>\r\n   <\/div>\r\n   <a href=\"https:\/\/ayhorizon.com\/?p=5310\" class=\"link-overlay\"><\/a>\r\n<\/article>   \r\n\r\n  <\/div><div class=\"item-columns\">\r\n<article id=\"post-5308\" class=\"post post-style-2 post-5308 type-post status-publish format-standard hentry category-uncategorized\">\r\n   <div class=\"post-thumbnail\" style=\"background-image:url('');\"><\/div>   \r\n   <div class=\"entry-content\">\r\n      <div class=\"content-inner\">\r\n         <div class=\"entry-meta\">\r\n            <div class=\"left\"><img alt='' src='https:\/\/secure.gravatar.com\/avatar\/de633ff1e7c546ee261a637d4626d4ca60418d4852880ee1f278d3234e84a0b5?s=160&#038;d=mm&#038;r=g' srcset='https:\/\/secure.gravatar.com\/avatar\/de633ff1e7c546ee261a637d4626d4ca60418d4852880ee1f278d3234e84a0b5?s=320&#038;d=mm&#038;r=g 2x' class='avatar avatar-160 photo' height='160' width='160' \/><\/div><div class=\"right\"><span class=\"author vcard\"><i class=\"far fa-user-circle\"><\/i>by&nbsp;ayhorizon<\/span><span class=\"post-comment\"><i class=\"far fa-comments\"><\/i>0 comments<\/span><\/div>         <\/div> \r\n         <h2 class=\"entry-title\">\r\n            <a href=\"https:\/\/ayhorizon.com\/?p=5308\">Experience the Thrill of Free Blackjack Games Online<\/a>\r\n         <\/h2>\r\n      <\/div>\r\n      <div class=\"read-more\">\r\n         <a href=\"https:\/\/ayhorizon.com\/?p=5308\">\r\n            <i class=\"icon las la-arrow-right\"><\/i>\r\n         <\/a>\r\n      <\/div>\r\n   <\/div>\r\n   <a href=\"https:\/\/ayhorizon.com\/?p=5308\" class=\"link-overlay\"><\/a>\r\n<\/article>   \r\n\r\n  <\/div><div class=\"item-columns\">\r\n<article id=\"post-5305\" class=\"post post-style-2 post-5305 type-post status-publish format-standard hentry category-uncategorized\">\r\n   <div class=\"post-thumbnail\" style=\"background-image:url('');\"><\/div>   \r\n   <div class=\"entry-content\">\r\n      <div class=\"content-inner\">\r\n         <div class=\"entry-meta\">\r\n            <div class=\"left\"><img alt='' src='https:\/\/secure.gravatar.com\/avatar\/de633ff1e7c546ee261a637d4626d4ca60418d4852880ee1f278d3234e84a0b5?s=160&#038;d=mm&#038;r=g' srcset='https:\/\/secure.gravatar.com\/avatar\/de633ff1e7c546ee261a637d4626d4ca60418d4852880ee1f278d3234e84a0b5?s=320&#038;d=mm&#038;r=g 2x' class='avatar avatar-160 photo' height='160' width='160' \/><\/div><div class=\"right\"><span class=\"author vcard\"><i class=\"far fa-user-circle\"><\/i>by&nbsp;ayhorizon<\/span><span class=\"post-comment\"><i class=\"far fa-comments\"><\/i>0 comments<\/span><\/div>         <\/div> \r\n         <h2 class=\"entry-title\">\r\n            <a href=\"https:\/\/ayhorizon.com\/?p=5305\">1xbet \u0417\u0435\u0440\u043a\u0430\u043b\u043e 1\u0445\u0431\u0435\u0442 \u043e\u0444\u0438\u0446\u0438\u0430\u043b\u044c\u043d\u043e\u043c\u0443 \u0421\u0430\u0439\u0442 \u0412\u0445\u043e\u0434 \u0438 \u0421\u0435\u0433\u043e\u0434\u043d\u044f<\/a>\r\n         <\/h2>\r\n      <\/div>\r\n      <div class=\"read-more\">\r\n         <a href=\"https:\/\/ayhorizon.com\/?p=5305\">\r\n            <i class=\"icon las la-arrow-right\"><\/i>\r\n         <\/a>\r\n      <\/div>\r\n   <\/div>\r\n   <a href=\"https:\/\/ayhorizon.com\/?p=5305\" class=\"link-overlay\"><\/a>\r\n<\/article>   \r\n\r\n  <\/div><div class=\"item-columns\">\r\n<article id=\"post-5299\" class=\"post post-style-2 post-5299 type-post status-publish format-standard hentry category-uncategorized\">\r\n   <div class=\"post-thumbnail\" style=\"background-image:url('');\"><\/div>   \r\n   <div class=\"entry-content\">\r\n      <div class=\"content-inner\">\r\n         <div class=\"entry-meta\">\r\n            <div class=\"left\"><img alt='' src='https:\/\/secure.gravatar.com\/avatar\/de633ff1e7c546ee261a637d4626d4ca60418d4852880ee1f278d3234e84a0b5?s=160&#038;d=mm&#038;r=g' srcset='https:\/\/secure.gravatar.com\/avatar\/de633ff1e7c546ee261a637d4626d4ca60418d4852880ee1f278d3234e84a0b5?s=320&#038;d=mm&#038;r=g 2x' class='avatar avatar-160 photo' height='160' width='160' \/><\/div><div class=\"right\"><span class=\"author vcard\"><i class=\"far fa-user-circle\"><\/i>by&nbsp;ayhorizon<\/span><span class=\"post-comment\"><i class=\"far fa-comments\"><\/i>0 comments<\/span><\/div>         <\/div> \r\n         <h2 class=\"entry-title\">\r\n            <a href=\"https:\/\/ayhorizon.com\/?p=5299\">Penalty Shoot Out: \u0441\u043a\u0430\u0447\u0430\u0439 \u043d\u0430 \u0434\u0435\u043d\u044c\u0433\u0438 \u0438 \u043e\u0442\u043a\u0440\u043e\u0439 \u043d\u043e\u0432\u044b\u0435 \u0432\u043e\u0437\u043c\u043e\u0436\u043d\u043e\u0441\u0442\u0438<\/a>\r\n         <\/h2>\r\n      <\/div>\r\n      <div class=\"read-more\">\r\n         <a href=\"https:\/\/ayhorizon.com\/?p=5299\">\r\n            <i class=\"icon las la-arrow-right\"><\/i>\r\n         <\/a>\r\n      <\/div>\r\n   <\/div>\r\n   <a href=\"https:\/\/ayhorizon.com\/?p=5299\" class=\"link-overlay\"><\/a>\r\n<\/article>   \r\n\r\n  <\/div><div class=\"item-columns\">\r\n<article id=\"post-5302\" class=\"post post-style-2 post-5302 type-post status-publish format-standard hentry category-uncategorized\">\r\n   <div class=\"post-thumbnail\" style=\"background-image:url('');\"><\/div>   \r\n   <div class=\"entry-content\">\r\n      <div class=\"content-inner\">\r\n         <div class=\"entry-meta\">\r\n            <div class=\"left\"><img alt='' src='https:\/\/secure.gravatar.com\/avatar\/de633ff1e7c546ee261a637d4626d4ca60418d4852880ee1f278d3234e84a0b5?s=160&#038;d=mm&#038;r=g' srcset='https:\/\/secure.gravatar.com\/avatar\/de633ff1e7c546ee261a637d4626d4ca60418d4852880ee1f278d3234e84a0b5?s=320&#038;d=mm&#038;r=g 2x' class='avatar avatar-160 photo' height='160' width='160' \/><\/div><div class=\"right\"><span class=\"author vcard\"><i class=\"far fa-user-circle\"><\/i>by&nbsp;ayhorizon<\/span><span class=\"post-comment\"><i class=\"far fa-comments\"><\/i>0 comments<\/span><\/div>         <\/div> \r\n         <h2 class=\"entry-title\">\r\n            <a href=\"https:\/\/ayhorizon.com\/?p=5302\">Zak\u0142ady Sportowe Grunzochse Gra\u0107 \u017beby Wygra\u0107: Podstawowe Zasady Skutecznego Obstawiania<\/a>\r\n         <\/h2>\r\n      <\/div>\r\n      <div class=\"read-more\">\r\n         <a href=\"https:\/\/ayhorizon.com\/?p=5302\">\r\n            <i class=\"icon las la-arrow-right\"><\/i>\r\n         <\/a>\r\n      <\/div>\r\n   <\/div>\r\n   <a href=\"https:\/\/ayhorizon.com\/?p=5302\" class=\"link-overlay\"><\/a>\r\n<\/article>   \r\n\r\n  <\/div>\t\t  <\/div>\r\n\t\t<\/div>\r\n\t\t\t\t\t <div class=\"pagination\">\r\n\t\t\t\t  <div class=\"column one pager_wrapper\"><div class=\"pager\"><div class=\"paginations\"><a href=\"https:\/\/ayhorizon.com\/index.php?rest_route=%2Fwp%2Fv2%2Fpages%2F26\" class=\"page-item active\">1<\/a><a href=\"https:\/\/ayhorizon.com\/index.php?rest_route=%2Fwp%2Fv2%2Fpages%2F26&#038;paged=2\" class=\"page-item\">2<\/a><a href=\"https:\/\/ayhorizon.com\/index.php?rest_route=%2Fwp%2Fv2%2Fpages%2F26&#038;paged=3\" class=\"page-item\">3<\/a><span class=\"page-item\">... <\/span><a href=\"https:\/\/ayhorizon.com\/index.php?rest_route=%2Fwp%2Fv2%2Fpages%2F26&#038;paged=277\" class=\"page-item\">277<\/a><a class=\"next_page\" href=\"https:\/\/ayhorizon.com\/index.php?rest_route=%2Fwp%2Fv2%2Fpages%2F26&#038;paged=2\"><i class=\"fas fa-chevron-right\"><\/i><\/a><\/div><\/div><\/div>\n\t\t\t <\/div>\r\n\t\t  <\/div>\r\n  <\/div>\t\t\t\t<\/div>\n\t\t\t\t<\/div>\n\t\t\t\t\t<\/div>\n\t\t<\/div>\n\t\t\t\t\t<\/div>\n\t\t<\/section>\n\t\t\t\t<section class=\"elementor-section elementor-top-section elementor-element elementor-element-bb88a14 elementor-section-boxed elementor-section-height-default elementor-section-height-default\" data-id=\"bb88a14\" data-element_type=\"section\" data-e-type=\"section\" data-settings=\"{&quot;background_background&quot;:&quot;classic&quot;}\">\n\t\t\t\t\t\t<div class=\"elementor-container elementor-column-gap-default\">\n\t\t\t\t\t<div class=\"elementor-column elementor-col-50 elementor-top-column elementor-element elementor-element-1326678\" data-id=\"1326678\" data-element_type=\"column\" data-e-type=\"column\">\n\t\t\t<div class=\"elementor-widget-wrap elementor-element-populated\">\n\t\t\t\t\t\t<div class=\"elementor-element elementor-element-728889b elementor-widget elementor-widget-gva-heading-block\" data-id=\"728889b\" data-element_type=\"widget\" data-e-type=\"widget\" data-widget_type=\"gva-heading-block.default\">\n\t\t\t\t<div class=\"elementor-widget-container\">\n\t\t\t\t\t<div class=\"gva-element-gva-heading-block gva-element\">   <div class=\"align-left style-1 widget gsc-heading box-align-left auto-responsive\">\r\n      <div class=\"content-inner\">\r\n         \r\n         \r\n         <div class=\"heading-line\"><span><\/span><span><\/span><\/div>\r\n                     <div class=\"sub-title\">\r\n               <span class=\"tagline\">25 Years Of Experience In Consulting<\/span> \r\n            <\/div>\r\n           \r\n         \r\n                     <h2 class=\"title\">\r\n               <span>Consulting Market Leader Expert<\/span>\r\n            <\/h2>\r\n                  \r\n         \r\n      <\/div>\r\n   <\/div>\r\n<\/div>\t\t\t\t<\/div>\n\t\t\t\t<\/div>\n\t\t\t\t\t<\/div>\n\t\t<\/div>\n\t\t\t\t<div class=\"elementor-column elementor-col-50 elementor-top-column elementor-element elementor-element-6749ca0\" data-id=\"6749ca0\" data-element_type=\"column\" data-e-type=\"column\">\n\t\t\t<div class=\"elementor-widget-wrap elementor-element-populated\">\n\t\t\t\t\t\t<div class=\"elementor-element elementor-element-e0aaafe elementor-widget__width-auto elementor-widget elementor-widget-html\" data-id=\"e0aaafe\" data-element_type=\"widget\" data-e-type=\"widget\" data-widget_type=\"html.default\">\n\t\t\t\t<div class=\"elementor-widget-container\">\n\t\t\t\t\t<a class=\"btn-white\" href=\"https:\/\/gaviaspreview.com\/wp\/conult\/contact\/\">\n    Free Consultation\n<\/a>\t\t\t\t<\/div>\n\t\t\t\t<\/div>\n\t\t\t\t\t<\/div>\n\t\t<\/div>\n\t\t\t\t\t<\/div>\n\t\t<\/section>\n\t\t\t\t<\/div>\n\t\t","protected":false},"excerpt":{"rendered":"<p>Live Stream From Awwwards Showcasing Trends Home by&nbsp;admin3 comments A day in the life of entrepreneur &#038; ceo by&nbsp;admin0 comments Future where technology creates good jobs by&nbsp;admin0 comments What you [&hellip;]<\/p>\n","protected":false},"author":1,"featured_media":0,"parent":0,"menu_order":0,"comment_status":"closed","ping_status":"closed","template":"","meta":{"footnotes":""},"class_list":["post-26","page","type-page","status-publish","hentry"],"_links":{"self":[{"href":"https:\/\/ayhorizon.com\/index.php?rest_route=\/wp\/v2\/pages\/26","targetHints":{"allow":["GET"]}}],"collection":[{"href":"https:\/\/ayhorizon.com\/index.php?rest_route=\/wp\/v2\/pages"}],"about":[{"href":"https:\/\/ayhorizon.com\/index.php?rest_route=\/wp\/v2\/types\/page"}],"author":[{"embeddable":true,"href":"https:\/\/ayhorizon.com\/index.php?rest_route=\/wp\/v2\/users\/1"}],"replies":[{"embeddable":true,"href":"https:\/\/ayhorizon.com\/index.php?rest_route=%2Fwp%2Fv2%2Fcomments&post=26"}],"version-history":[{"count":0,"href":"https:\/\/ayhorizon.com\/index.php?rest_route=\/wp\/v2\/pages\/26\/revisions"}],"wp:attachment":[{"href":"https:\/\/ayhorizon.com\/index.php?rest_route=%2Fwp%2Fv2%2Fmedia&parent=26"}],"curies":[{"name":"wp","href":"https:\/\/api.w.org\/{rel}","templated":true}]}}